{"id":242923,"date":"2022-12-23T14:57:10","date_gmt":"2022-12-23T13:57:10","guid":{"rendered":"https:\/\/raymweyland.lu\/zum-thema\/"},"modified":"2024-09-12T12:46:45","modified_gmt":"2024-09-12T11:46:45","slug":"zum-thema","status":"publish","type":"page","link":"https:\/\/raymweyland.lu\/de\/zum-thema\/","title":{"rendered":"Zum Thema"},"content":{"rendered":"<p>[et_pb_section fb_built=&#8220;1&#8243; _builder_version=&#8220;4.19.0&#8243; _module_preset=&#8220;default&#8220; custom_margin=&#8220;-67px||-67px||true|false&#8220; global_colors_info=&#8220;{}&#8220;][et_pb_row _builder_version=&#8220;4.19.5&#8243; _module_preset=&#8220;default&#8220; global_colors_info=&#8220;{}&#8220;][et_pb_column type=&#8220;4_4&#8243; _builder_version=&#8220;4.19.0&#8243; _module_preset=&#8220;default&#8220; global_colors_info=&#8220;{}&#8220;][et_pb_divider color=&#8220;#00ABC8&#8243; divider_weight=&#8220;1px&#8220; _builder_version=&#8220;4.19.0&#8243; _module_preset=&#8220;default&#8220; width=&#8220;58%&#8220; module_alignment=&#8220;center&#8220; custom_margin=&#8220;||-134px||false|false&#8220; custom_padding=&#8220;0px||||false|false&#8220; global_colors_info=&#8220;{}&#8220;][\/et_pb_divider][\/et_pb_column][\/et_pb_row][\/et_pb_section][et_pb_section fb_built=&#8220;1&#8243; _builder_version=&#8220;4.19.0&#8243; custom_padding=&#8220;50px||50px||true|&#8220; global_colors_info=&#8220;{}&#8220;][et_pb_row column_structure=&#8220;1_2,1_2&#8243; use_custom_gutter=&#8220;on&#8220; gutter_width=&#8220;2&#8243; make_equal=&#8220;on&#8220; _builder_version=&#8220;4.16&#8243; width_tablet=&#8220;90%&#8220; width_phone=&#8220;90%&#8220; width_last_edited=&#8220;off|tablet&#8220; max_width_tablet=&#8220;90%&#8220; max_width_phone=&#8220;90%&#8220; max_width_last_edited=&#8220;off|phone&#8220; custom_margin=&#8220;|auto|6px|auto||&#8220; global_colors_info=&#8220;{}&#8220;][et_pb_column type=&#8220;1_2&#8243; _builder_version=&#8220;4.16&#8243; global_colors_info=&#8220;{}&#8220;][dsm_animated_gradient_text animated_gradient_text=&#8220;Wir stellen uns vor&#8220; gradient_one_color=&#8220;#6dd5ed&#8220; gradient_two_color=&#8220;#6dd5ed&#8220; gradient_three_color=&#8220;#2193b0&#8243; gradient_four_color=&#8220;#ffffff&#8220; _builder_version=&#8220;4.19.0&#8243; _module_preset=&#8220;default&#8220; header_font=&#8220;Jost|800|||||||&#8220; header_font_size=&#8220;45px&#8220; header_line_height=&#8220;1.3em&#8220; module_alignment=&#8220;center&#8220; custom_margin=&#8220;||-3px||false|false&#8220; custom_margin_tablet=&#8220;0px||30px||false|false&#8220; custom_margin_phone=&#8220;&#8220; custom_margin_last_edited=&#8220;on|tablet&#8220; header_font_size_tablet=&#8220;40px&#8220; header_font_size_phone=&#8220;30px&#8220; header_font_size_last_edited=&#8220;on|tablet&#8220; locked=&#8220;off&#8220; global_colors_info=&#8220;{}&#8220;][\/dsm_animated_gradient_text][et_pb_text _builder_version=&#8220;4.19.0&#8243; text_font=&#8220;Jost||||||||&#8220; text_text_color=&#8220;#000000&#8243; text_font_size=&#8220;18px&#8220; text_line_height=&#8220;1.8em&#8220; max_width=&#8220;477px&#8220; max_width_tablet=&#8220;100%&#8220; max_width_phone=&#8220;&#8220; max_width_last_edited=&#8220;on|desktop&#8220; custom_padding=&#8220;14px|||||&#8220; global_colors_info=&#8220;{}&#8220;]<\/p>\n<p style=\"text-align: justify;\"><span>Die Firma Raym. Weyland S.A. ist ein Unternehmen, das schon auf eine langj\u00e4hrige Tradition in Luxemburg zur\u00fcckschauen kann. Seit seiner Gr\u00fcndung in den 50er Jahren hat es sich in den Marktbereichen des Gro\u00dfherzogtums nach und nach so gut behauptet, dass es sich heute, ein halbes Jahrhundert sp\u00e4ter, als Referenzunternehmen und Marktf\u00fchrer in seiner Branche platziert.  <\/span><\/p>\n<p>[\/et_pb_text][et_pb_text _builder_version=&#8220;4.21.0&#8243; text_font=&#8220;Jost|300|||||||&#8220; text_text_color=&#8220;#000000&#8243; text_font_size=&#8220;17px&#8220; text_line_height=&#8220;1.8em&#8220; max_width=&#8220;493px&#8220; max_width_tablet=&#8220;100%&#8220; max_width_phone=&#8220;&#8220; max_width_last_edited=&#8220;on|tablet&#8220; custom_padding=&#8220;12px|30px||&#8220; custom_padding_tablet=&#8220;0px|0px||&#8220; custom_padding_phone=&#8220;0px|0px||&#8220; custom_padding_last_edited=&#8220;on|desktop&#8220; global_colors_info=&#8220;{}&#8220;]<\/p>\n<p><span style=\"font-weight: 400;\">Als Ihr bevorzugter und kompetenter Partner sind wir in verschiedenen Fachbereichen t\u00e4tig:<\/span><\/p>\n<ul>\n<li style=\"font-weight: 400;\" aria-level=\"1\"><span style=\"font-weight: 400;\">Horeca (Beherbergung, Gastronomie und Gastst\u00e4tten)<\/span><\/li>\n<li style=\"font-weight: 400;\" aria-level=\"1\"><span style=\"font-weight: 400;\">Krankenhauswesen und Pflegeheime<\/span><\/li>\n<li style=\"font-weight: 400;\" aria-level=\"1\"><span style=\"font-weight: 400;\">Schuleinrichtungen, Gemeinschaftswesen<\/span><\/li>\n<\/ul>\n<p><span style=\"font-weight: 400;\"><\/span><\/p>\n<p style=\"text-align: justify;\"><span style=\"font-weight: 400;\">Unsere F\u00e4higkeiten im Bereich der K\u00e4ltetechnik, Planung und Montage von Gewerbe- und Privatk\u00fcchen sowie unsere hochwertigen, breitgef\u00e4cherten Produktlinien und unser reaktiver Kundendienst sind unsere besten Vorz\u00fcge.<\/span><\/p>\n<p style=\"text-align: justify;\"><span style=\"font-weight: 400;\">Diese Kompetenzen haben einen anspruchsvollen Kundenkreis \u00fcberzeugt, zu dem die Raym. Weyland S.A. zahlreiche prestigetr\u00e4chtige Verbraucher z\u00e4hlen kann.  <\/span><span style=\"font-weight: 400;\">F\u00fcr jedes Projekt, ganz unabh\u00e4ngig von der Budgetlinie, ist Weyland in der Lage, eine genaue Studie und ein auf Ihre Bed\u00fcrfnisse passendes Angebot zu unterbreiten.<\/span><\/p>\n<p>[\/et_pb_text][et_pb_button button_url=&#8220;@ET-DC@eyJkeW5hbWljIjp0cnVlLCJjb250ZW50IjoicG9zdF9saW5rX3VybF9wYWdlIiwic2V0dGluZ3MiOnsicG9zdF9pZCI6IjI0MjAxOCJ9fQ==@&#8220; button_text=&#8220;Kontakt&#8220; button_alignment=&#8220;left&#8220; button_alignment_tablet=&#8220;left&#8220; button_alignment_phone=&#8220;center&#8220; button_alignment_last_edited=&#8220;on|phone&#8220; _builder_version=&#8220;4.22.1&#8243; _dynamic_attributes=&#8220;button_url&#8220; custom_button=&#8220;on&#8220; button_text_size=&#8220;14px&#8220; button_text_color=&#8220;#000000&#8243; button_bg_color=&#8220;rgba(56,56,56,0)&#8220; button_border_width=&#8220;1px&#8220; button_border_color=&#8220;#383838&#8243; button_border_radius=&#8220;15px&#8220; button_letter_spacing=&#8220;1px&#8220; button_font=&#8220;Jost|700||on|||||&#8220; button_icon=&#8220;&#x35;||divi||400&#8243; custom_margin=&#8220;37px||&#8220; custom_padding=&#8220;17px|30px|17px|30px|true|true&#8220; global_colors_info=&#8220;{}&#8220; button_bg_color__hover_enabled=&#8220;on&#8220; button_bg_color__hover=&#8220;#00ABC8&#8243; button_letter_spacing__hover_enabled=&#8220;on&#8220; button_letter_spacing__hover=&#8220;2px&#8220; button_border_color__hover_enabled=&#8220;on&#8220; button_border_color__hover=&#8220;#bfbfbf&#8220; button_text_color__hover_enabled=&#8220;on|hover&#8220; button_text_color__hover=&#8220;#FFFFFF&#8220; button_bg_enable_color__hover=&#8220;on&#8220;][\/et_pb_button][\/et_pb_column][et_pb_column type=&#8220;1_2&#8243; _builder_version=&#8220;4.19.0&#8243; custom_padding=&#8220;111px||||false|false&#8220; global_colors_info=&#8220;{}&#8220;][et_pb_image src=&#8220;https:\/\/raymweyland.lu\/wp-content\/uploads\/2023\/05\/Weyland-accueil.jpg&#8220; title_text=&#8220;Weyland accueil&#8220; _builder_version=&#8220;4.21.0&#8243; _module_preset=&#8220;default&#8220; box_shadow_style=&#8220;preset1&#8243; global_colors_info=&#8220;{}&#8220;][\/et_pb_image][et_pb_image src=&#8220;https:\/\/raymweyland.lu\/wp-content\/uploads\/2023\/05\/Weyland-accueil-2.jpg&#8220; title_text=&#8220;Weyland accueil 2&#8243; _builder_version=&#8220;4.21.0&#8243; _module_preset=&#8220;default&#8220; box_shadow_style=&#8220;preset1&#8243; global_colors_info=&#8220;{}&#8220;][\/et_pb_image][\/et_pb_column][\/et_pb_row][\/et_pb_section][et_pb_section fb_built=&#8220;1&#8243; custom_padding_last_edited=&#8220;on|phone&#8220; admin_label=&#8220;TBVS &#8211; Light &#8211; Content 17&#8243; module_class=&#8220;tbvs-section-light&#8220; _builder_version=&#8220;4.21.0&#8243; _module_preset=&#8220;default&#8220; custom_margin=&#8220;50px||||false|false&#8220; custom_margin_tablet=&#8220;50px||||false|false&#8220; custom_margin_phone=&#8220;0px||||false|false&#8220; custom_margin_last_edited=&#8220;on|phone&#8220; custom_padding=&#8220;7px|||||&#8220; custom_padding_tablet=&#8220;7px|||||&#8220; custom_padding_phone=&#8220;0px||||false|false&#8220; global_colors_info=&#8220;{}&#8220;][et_pb_row _builder_version=&#8220;4.16&#8243; _module_preset=&#8220;default&#8220; max_width=&#8220;750px&#8220; global_colors_info=&#8220;{}&#8220;][et_pb_column type=&#8220;4_4&#8243; _builder_version=&#8220;4.16&#8243; _module_preset=&#8220;default&#8220; global_colors_info=&#8220;{}&#8220;][dsm_animated_gradient_text animated_gradient_text=&#8220;Entdecken Sie unseren Showroom.&#8220; gradient_one_color=&#8220;#6dd5ed&#8220; gradient_two_color=&#8220;#6dd5ed&#8220; gradient_three_color=&#8220;#2193b0&#8243; gradient_four_color=&#8220;#ffffff&#8220; _builder_version=&#8220;4.21.0&#8243; _module_preset=&#8220;default&#8220; header_font=&#8220;Jost|800|||||||&#8220; header_text_align=&#8220;center&#8220; header_font_size=&#8220;45px&#8220; header_line_height=&#8220;1.3em&#8220; module_alignment=&#8220;center&#8220; custom_margin=&#8220;||-3px||false|false&#8220; custom_margin_tablet=&#8220;0px||30px||false|false&#8220; custom_margin_phone=&#8220;&#8220; custom_margin_last_edited=&#8220;on|tablet&#8220; header_font_size_tablet=&#8220;40px&#8220; header_font_size_phone=&#8220;30px&#8220; header_font_size_last_edited=&#8220;on|tablet&#8220; locked=&#8220;off&#8220; global_colors_info=&#8220;{}&#8220;][\/dsm_animated_gradient_text][et_pb_text _builder_version=&#8220;4.19.5&#8243; _module_preset=&#8220;default&#8220; text_font=&#8220;Jost|300|||||||&#8220; text_text_color=&#8220;#333333&#8243; text_font_size=&#8220;19px&#8220; text_orientation=&#8220;center&#8220; custom_padding=&#8220;17px|||||&#8220; global_colors_info=&#8220;{}&#8220;]<\/p>\n<p><span style=\"font-weight: 400;\">Z\u00f6gern Sie nicht l\u00e4nger und besuchen Sie uns, um unsere au\u00dfergew\u00f6hnlichen Produkte und Dienstleistungen zu entdecken.<br \/>Wir freuen uns darauf, Sie in unserem brandneuen Showroom <strong>mit \u00fcber 400 m\u00b2 begr\u00fc\u00dfen zu d\u00fcrfen! !<\/strong><\/span><\/p>\n<p>[\/et_pb_text][et_pb_text _builder_version=&#8220;4.21.0&#8243; _module_preset=&#8220;default&#8220; text_font=&#8220;Jost|300|||||||&#8220; text_text_color=&#8220;#333333&#8243; text_font_size=&#8220;17px&#8220; text_orientation=&#8220;center&#8220; global_colors_info=&#8220;{}&#8220;]<\/p>\n<ul>\n<li>Hier finden Sie ein <strong>komplettes Sortiment<\/strong> von Fabrikaten, die direkt von den renommiertesten Lieferanten stammen, mit denen wir zusammenarbeiten.<\/li>\n<li><strong>Vergleichen Sie<\/strong> unsere verschiedenen Objekte und <strong>lassen Sie Dank<\/strong> der Einrichtungen, die wir in unseren verschiedenen Ausstellungsbereichen vorgenommen haben, Ihrer Phantasie freien Lauf!<\/li>\n<\/ul>\n<p>[\/et_pb_text][et_pb_text _builder_version=&#8220;4.19.5&#8243; _module_preset=&#8220;default&#8220; text_font=&#8220;Jost|300|||||||&#8220; text_text_color=&#8220;#333333&#8243; text_font_size=&#8220;19px&#8220; text_orientation=&#8220;center&#8220; global_colors_info=&#8220;{}&#8220;]<\/p>\n<p><strong>Unseren Experten sind dort<\/strong> mit Rat und Tat f\u00fcr Sie da und geben Ihnen gerne auf alle Ihre Fragen Antwort.<\/p>\n<p>[\/et_pb_text][\/et_pb_column][\/et_pb_row][et_pb_row column_structure=&#8220;1_4,1_4,1_4,1_4&#8243; _builder_version=&#8220;4.19.5&#8243; _module_preset=&#8220;default&#8220; global_colors_info=&#8220;{}&#8220;][et_pb_column type=&#8220;1_4&#8243; _builder_version=&#8220;4.19.5&#8243; _module_preset=&#8220;default&#8220; global_colors_info=&#8220;{}&#8220;][et_pb_image src=&#8220;https:\/\/raymweyland.lu\/wp-content\/uploads\/2023\/03\/Showroom-Weyland.jpg&#8220; title_text=&#8220;Showroom Weyland&#8220; _builder_version=&#8220;4.21.0&#8243; _module_preset=&#8220;default&#8220; box_shadow_style=&#8220;preset1&#8243; global_colors_info=&#8220;{}&#8220;][\/et_pb_image][\/et_pb_column][et_pb_column type=&#8220;1_4&#8243; _builder_version=&#8220;4.19.5&#8243; _module_preset=&#8220;default&#8220; global_colors_info=&#8220;{}&#8220;][et_pb_image src=&#8220;https:\/\/raymweyland.lu\/wp-content\/uploads\/2023\/03\/Showroom-Weyland-cuisine.jpg&#8220; title_text=&#8220;Showroom Weyland cuisine&#8220; _builder_version=&#8220;4.21.0&#8243; _module_preset=&#8220;default&#8220; box_shadow_style=&#8220;preset1&#8243; global_colors_info=&#8220;{}&#8220;][\/et_pb_image][\/et_pb_column][et_pb_column type=&#8220;1_4&#8243; _builder_version=&#8220;4.19.5&#8243; _module_preset=&#8220;default&#8220; global_colors_info=&#8220;{}&#8220;][et_pb_image src=&#8220;https:\/\/raymweyland.lu\/wp-content\/uploads\/2023\/05\/Weyland-showroom-1.jpg&#8220; title_text=&#8220;Weyland showroom&#8220; _builder_version=&#8220;4.21.0&#8243; _module_preset=&#8220;default&#8220; box_shadow_style=&#8220;preset1&#8243; global_colors_info=&#8220;{}&#8220;][\/et_pb_image][\/et_pb_column][et_pb_column type=&#8220;1_4&#8243; _builder_version=&#8220;4.19.5&#8243; _module_preset=&#8220;default&#8220; global_colors_info=&#8220;{}&#8220;][et_pb_image src=&#8220;https:\/\/raymweyland.lu\/wp-content\/uploads\/2023\/03\/Showroom-Weyland-cuisine-pro.jpg&#8220; title_text=&#8220;Showroom Weyland cuisine pro&#8220; _builder_version=&#8220;4.21.0&#8243; _module_preset=&#8220;default&#8220; box_shadow_style=&#8220;preset1&#8243; global_colors_info=&#8220;{}&#8220;][\/et_pb_image][\/et_pb_column][\/et_pb_row][\/et_pb_section][et_pb_section fb_built=&#8220;1&#8243; _builder_version=&#8220;4.22.1&#8243; _module_preset=&#8220;default&#8220; background_color=&#8220;#FFFFFF&#8220; custom_padding=&#8220;90px||100px||false|false&#8220; global_colors_info=&#8220;{}&#8220;][et_pb_row use_custom_gutter=&#8220;on&#8220; gutter_width=&#8220;2&#8243; make_equal=&#8220;on&#8220; _builder_version=&#8220;4.19.4&#8243; _module_preset=&#8220;default&#8220; width=&#8220;90%&#8220; width_tablet=&#8220;90%&#8220; width_phone=&#8220;90%&#8220; width_last_edited=&#8220;on|tablet&#8220; max_width_tablet=&#8220;90%&#8220; max_width_phone=&#8220;90%&#8220; max_width_last_edited=&#8220;off|desktop&#8220; custom_padding=&#8220;0px||0px||true|&#8220; animation_direction=&#8220;left&#8220; global_colors_info=&#8220;{}&#8220;][et_pb_column type=&#8220;4_4&#8243; _builder_version=&#8220;4.16&#8243; _module_preset=&#8220;default&#8220; global_colors_info=&#8220;{}&#8220;][et_pb_text _builder_version=&#8220;4.22.1&#8243; _module_preset=&#8220;default&#8220; header_4_font=&#8220;Jost|700||on|||||&#8220; header_4_text_align=&#8220;left&#8220; header_4_text_color=&#8220;#0A3050&#8243; header_4_font_size=&#8220;60px&#8220; header_4_letter_spacing=&#8220;-1px&#8220; header_4_font_size_tablet=&#8220;&#8220; header_4_font_size_phone=&#8220;40px&#8220; header_4_font_size_last_edited=&#8220;on|phone&#8220; global_colors_info=&#8220;{}&#8220;]<\/p>\n<h4>F\u00fcr die Wartung Ihrer Anlagen<\/h4>\n<p>[\/et_pb_text][et_pb_text _builder_version=&#8220;4.22.1&#8243; _module_preset=&#8220;default&#8220; text_font=&#8220;Jost||||||||&#8220; text_text_color=&#8220;#00ABC8&#8243; text_font_size=&#8220;20px&#8220; text_line_height=&#8220;1.8em&#8220; max_width=&#8220;465px&#8220; module_alignment=&#8220;left&#8220; custom_margin=&#8220;-6px||||false|false&#8220; hover_enabled=&#8220;0&#8243; global_colors_info=&#8220;{}&#8220; sticky_enabled=&#8220;0&#8243;]<\/p>\n<p>Nehmen Sie gerne Kontakt mit uns auf !<\/p>\n<p>[\/et_pb_text][et_pb_blurb title=&#8220;entretien@raymweyland.lu&#8220; use_icon=&#8220;on&#8220; font_icon=&#8220;&#xf1d8;||fa||400&#8243; icon_color=&#8220;#00ABC8&#8243; icon_placement=&#8220;left&#8220; image_icon_width=&#8220;40px&#8220; content_max_width=&#8220;100%&#8220; _builder_version=&#8220;4.22.1&#8243; _module_preset=&#8220;default&#8220; header_font=&#8220;Jost||||||||&#8220; header_text_align=&#8220;left&#8220; header_text_color=&#8220;#0A3050&#8243; header_font_size=&#8220;23px&#8220; header_line_height=&#8220;1.7em&#8220; background_color=&#8220;rgba(0,0,0,0)&#8220; transform_translate_linked__hover=&#8220;off&#8220; max_width=&#8220;34%&#8220; module_alignment=&#8220;left&#8220; custom_margin=&#8220;45px|10px|||false|false&#8220; custom_padding=&#8220;11px||2px|8px|false|false&#8220; animation=&#8220;off&#8220; link_option_url=&#8220;mailto:entretien@raymweyland.lu&#8220; border_radii=&#8220;on|100px|100px|100px|100px&#8220; border_width_all=&#8220;2px&#8220; border_color_all=&#8220;#0A3050&#8243; box_shadow_style=&#8220;preset3&#8243; box_shadow_vertical=&#8220;33px&#8220; box_shadow_blur=&#8220;59px&#8220; box_shadow_color=&#8220;rgba(0,0,0,0)&#8220; image_max_width=&#8220;40px&#8220; global_colors_info=&#8220;{}&#8220; header_text_color__hover_enabled=&#8220;off|desktop&#8220; header_text_color__hover=&#8220;#ffffff&#8220; border_color_all__hover_enabled=&#8220;off|desktop&#8220; border_color_all__hover=&#8220;#ffffff&#8220; background__hover_enabled=&#8220;off|desktop&#8220; box_shadow_color__hover_enabled=&#8220;on|desktop&#8220; box_shadow_color__hover=&#8220;rgba(255,255,255,0.38)&#8220; transform_styles__hover_enabled=&#8220;on|desktop&#8220; transform_scale__hover_enabled=&#8220;on|desktop&#8220; transform_translate__hover_enabled=&#8220;on|desktop&#8220; transform_rotate__hover_enabled=&#8220;on|desktop&#8220; transform_skew__hover_enabled=&#8220;on|desktop&#8220; transform_origin__hover_enabled=&#8220;on|desktop&#8220; transform_translate__hover=&#8220;0px|-5px&#8220;][\/et_pb_blurb][\/et_pb_column][\/et_pb_row][\/et_pb_section][et_pb_section fb_built=&#8220;1&#8243; fullwidth=&#8220;on&#8220; _builder_version=&#8220;4.19.0&#8243; _module_preset=&#8220;default&#8220; global_colors_info=&#8220;{}&#8220;][et_pb_fullwidth_code _builder_version=&#8220;4.19.0&#8243; _module_preset=&#8220;default&#8220; global_colors_info=&#8220;{}&#8220;]<iframe src=\"https:\/\/www.google.com\/maps\/embed?pb=!1m14!1m8!1m3!1d10344.884346345969!2d6.2145725!3d49.5935801!3m2!1i1024!2i768!4f13.1!3m3!1m2!1s0x0%3A0x8bfc30a220ff98a6!2sRaym.%20Weyland%20SA!5e0!3m2!1sfr!2slu!4v1675667242232!5m2!1sfr!2slu\" width=\"100%\" height=\"500\" style=\"border:0;\" allowfullscreen=\"\" loading=\"lazy\" referrerpolicy=\"no-referrer-when-downgrade\"><\/iframe>[\/et_pb_fullwidth_code][\/et_pb_section]<\/p>\n","protected":false},"excerpt":{"rendered":"<p><div class=\"et_pb_module dsm_animated_gradient_text dsm_animated_gradient_text_0\">\n\t\t\t\t\n\t\t\t\t\n\t\t\t\t\n\t\t\t\t\n\t\t\t\t\n\t\t\t\t\n\t\t\t\t<div class=\"et_pb_module_inner\">\n\t\t\t\t\t<h2 class=\"dsm-animated-gradient-text et_pb_module_header\">Wir stellen uns vor<\/h2>\n\t\t\t\t<\/div>\n\t\t\t<\/div>Die Firma Raym. Weyland S.A. ist ein Unternehmen, das schon auf eine langj\u00e4hrige Tradition in Luxemburg zur\u00fcckschauen kann. Seit seiner Gr\u00fcndung in den 50er Jahren hat es sich in den Marktbereichen des Gro\u00dfherzogtums nach und nach so gut behauptet, dass es sich heute, ein halbes Jahrhundert sp\u00e4ter, als Referenzunternehmen und Marktf\u00fchrer in seiner Branche platziert. Als Ihr bevorzugter und kompetenter Partner sind wir in verschiedenen Fachbereichen t\u00e4tig: Horeca (Beherbergung, Gastronomie und Gastst\u00e4tten) Krankenhauswesen und Pflegeheime Schuleinrichtungen, Gemeinschaftswesen Unsere F\u00e4higkeiten im Bereich der K\u00e4ltetechnik, Planung und Montage von Gewerbe- und Privatk\u00fcchen sowie unsere hochwertigen, breitgef\u00e4cherten Produktlinien und unser reaktiver Kundendienst sind unsere besten Vorz\u00fcge. Diese Kompetenzen haben einen anspruchsvollen Kundenkreis \u00fcberzeugt, zu dem die Raym. Weyland S.A. zahlreiche prestigetr\u00e4chtige Verbraucher z\u00e4hlen kann. F\u00fcr jedes Projekt, ganz unabh\u00e4ngig von der Budgetlinie, ist Weyland in der Lage, eine genaue Studie und ein auf Ihre Bed\u00fcrfnisse passendes Angebot zu unterbreiten.<div class=\"et_pb_module dsm_animated_gradient_text dsm_animated_gradient_text_1\">\n\t\t\t\t\n\t\t\t\t\n\t\t\t\t\n\t\t\t\t\n\t\t\t\t\n\t\t\t\t\n\t\t\t\t<div class=\"et_pb_module_inner\">\n\t\t\t\t\t<h2 class=\"dsm-animated-gradient-text et_pb_module_header\">Entdecken Sie unseren Showroom.<\/h2>\n\t\t\t\t<\/div>\n\t\t\t<\/div>Z\u00f6gern Sie nicht l\u00e4nger und besuchen Sie uns, [&hellip;]<\/p>\n","protected":false},"author":7,"featured_media":0,"parent":0,"menu_order":0,"comment_status":"closed","ping_status":"closed","template":"","meta":{"_et_pb_use_builder":"on","_et_pb_old_content":"","_et_gb_content_width":"","wp_popup_display_lightbox":0,"wp_popup_suppress":"","wp_popup_trigger":"","wp_popup_trigger_amount":0,"wp_popup_disable_on_mobile":false,"footnotes":""},"class_list":["post-242923","page","type-page","status-publish","hentry"],"_links":{"self":[{"href":"https:\/\/raymweyland.lu\/de\/wp-json\/wp\/v2\/pages\/242923","targetHints":{"allow":["GET"]}}],"collection":[{"href":"https:\/\/raymweyland.lu\/de\/wp-json\/wp\/v2\/pages"}],"about":[{"href":"https:\/\/raymweyland.lu\/de\/wp-json\/wp\/v2\/types\/page"}],"author":[{"embeddable":true,"href":"https:\/\/raymweyland.lu\/de\/wp-json\/wp\/v2\/users\/7"}],"replies":[{"embeddable":true,"href":"https:\/\/raymweyland.lu\/de\/wp-json\/wp\/v2\/comments?post=242923"}],"version-history":[{"count":0,"href":"https:\/\/raymweyland.lu\/de\/wp-json\/wp\/v2\/pages\/242923\/revisions"}],"wp:attachment":[{"href":"https:\/\/raymweyland.lu\/de\/wp-json\/wp\/v2\/media?parent=242923"}],"curies":[{"name":"wp","href":"https:\/\/api.w.org\/{rel}","templated":true}]}}