{"id":242938,"date":"2023-02-06T08:03:08","date_gmt":"2023-02-06T07:03:08","guid":{"rendered":"https:\/\/raymweyland.lu\/ausstattungen\/"},"modified":"2024-09-12T13:56:31","modified_gmt":"2024-09-12T12:56:31","slug":"ausstattungen","status":"publish","type":"page","link":"https:\/\/raymweyland.lu\/de\/ausstattungen\/","title":{"rendered":"Ausstattungen"},"content":{"rendered":"<p>[et_pb_section fb_built=&#8220;1&#8243; custom_padding_last_edited=&#8220;on|phone&#8220; _builder_version=&#8220;4.21.0&#8243; _module_preset=&#8220;default&#8220; background_image=&#8220;https:\/\/raymweyland.lu\/wp-content\/uploads\/2022\/11\/Hero-Background-Weyland.jpg&#8220; custom_margin=&#8220;||||false|false&#8220; custom_padding=&#8220;100px||100px||true|false&#8220; custom_padding_tablet=&#8220;100px||100px||true|false&#8220; custom_padding_phone=&#8220;100px||100px||true|false&#8220; global_colors_info=&#8220;{}&#8220;][et_pb_row _builder_version=&#8220;4.19.0&#8243; _module_preset=&#8220;default&#8220; global_colors_info=&#8220;{}&#8220;][et_pb_column type=&#8220;4_4&#8243; _builder_version=&#8220;4.19.0&#8243; _module_preset=&#8220;default&#8220; global_colors_info=&#8220;{}&#8220;][et_pb_text _builder_version=&#8220;4.21.0&#8243; _module_preset=&#8220;default&#8220; text_font=&#8220;Jost|700|||||||&#8220; text_text_color=&#8220;#FFFFFF&#8220; text_font_size=&#8220;100px&#8220; header_font=&#8220;Jost|800|||||||&#8220; header_text_color=&#8220;#FFFFFF&#8220; header_font_size=&#8220;80px&#8220; custom_margin_tablet=&#8220;&#8220; custom_margin_phone=&#8220;&#8220; custom_margin_last_edited=&#8220;on|phone&#8220; text_font_size_tablet=&#8220;100px&#8220; text_font_size_phone=&#8220;50px&#8220; text_font_size_last_edited=&#8220;on|phone&#8220; header_font_size_tablet=&#8220;80px&#8220; header_font_size_phone=&#8220;50px&#8220; header_font_size_last_edited=&#8220;on|phone&#8220; global_colors_info=&#8220;{}&#8220;]<\/p>\n<h1>Ausstattungen<\/h1>\n<p>[\/et_pb_text][\/et_pb_column][\/et_pb_row][\/et_pb_section][et_pb_section fb_built=&#8220;1&#8243; _builder_version=&#8220;4.19.0&#8243; _module_preset=&#8220;default&#8220; custom_padding=&#8220;0px|||||&#8220; global_colors_info=&#8220;{}&#8220;][et_pb_row _builder_version=&#8220;4.19.0&#8243; _module_preset=&#8220;default&#8220; custom_padding=&#8220;63px|||||&#8220; global_colors_info=&#8220;{}&#8220;][et_pb_column type=&#8220;4_4&#8243; _builder_version=&#8220;4.16&#8243; _module_preset=&#8220;default&#8220; global_colors_info=&#8220;{}&#8220;][dsm_animated_gradient_text animated_gradient_text=&#8220;Tischkultur von Weyland&#8220; gradient_one_color=&#8220;#6dd5ed&#8220; gradient_two_color=&#8220;#6dd5ed&#8220; gradient_three_color=&#8220;#2193b0&#8243; gradient_four_color=&#8220;#ffffff&#8220; _builder_version=&#8220;4.21.0&#8243; _module_preset=&#8220;default&#8220; header_font=&#8220;Jost|800|||||||&#8220; header_text_align=&#8220;center&#8220; header_font_size=&#8220;45px&#8220; header_line_height=&#8220;1.3em&#8220; module_alignment=&#8220;center&#8220; custom_margin=&#8220;||10px||false|false&#8220; custom_margin_tablet=&#8220;0px||30px||false|false&#8220; custom_margin_phone=&#8220;&#8220; custom_margin_last_edited=&#8220;on|tablet&#8220; header_font_size_tablet=&#8220;40px&#8220; header_font_size_phone=&#8220;30px&#8220; header_font_size_last_edited=&#8220;on|tablet&#8220; global_colors_info=&#8220;{}&#8220;][\/dsm_animated_gradient_text][et_pb_text _builder_version=&#8220;4.21.0&#8243; _module_preset=&#8220;default&#8220; text_font=&#8220;Jost||||||||&#8220; text_text_color=&#8220;#333333&#8243; text_font_size=&#8220;20px&#8220; text_orientation=&#8220;center&#8220; global_colors_info=&#8220;{}&#8220;]<\/p>\n<p style=\"text-align: justify;\"><span style=\"font-weight: 400;\">Mit der Firma ART DE LA TABLE gehen wir auf Ihren gesamten Bedarf an Kleinmaterial und Ausstattung f\u00fcr Ihre K\u00fcche ein. Dazu geh\u00f6ren Geschirr, K\u00fcchenutensilien, Kochgeschirr, Zubereitungsger\u00e4te wie Mixer, Aufschnittmaschinen usw. und sogar K\u00fcchenwagen und Beh\u00e4lter aller Art, sowie auch Hygieneartikel.<\/span><\/p>\n<p>[\/et_pb_text][et_pb_text _builder_version=&#8220;4.19.0&#8243; _module_preset=&#8220;default&#8220; text_font=&#8220;Jost||||||||&#8220; text_text_color=&#8220;#333333&#8243; text_font_size=&#8220;20px&#8220; text_orientation=&#8220;center&#8220; global_colors_info=&#8220;{}&#8220;]<\/p>\n<p style=\"text-align: center;\"><span>Entdecken Sie unsere Website :<\/span><\/p>\n<p>[\/et_pb_text][\/et_pb_column][\/et_pb_row][et_pb_row _builder_version=&#8220;4.21.0&#8243; _module_preset=&#8220;default&#8220; link_option_url=&#8220;https:\/\/www.artdelatable.lu\/&#8220; link_option_url_new_window=&#8220;on&#8220; global_colors_info=&#8220;{}&#8220; transform_styles__hover_enabled=&#8220;on|hover&#8220; transform_scale__hover_enabled=&#8220;on|hover&#8220; transform_translate__hover_enabled=&#8220;on|desktop&#8220; transform_rotate__hover_enabled=&#8220;on|desktop&#8220; transform_skew__hover_enabled=&#8220;on|desktop&#8220; transform_origin__hover_enabled=&#8220;on|desktop&#8220; transform_scale__hover=&#8220;105%|105%&#8220;][et_pb_column type=&#8220;4_4&#8243; _builder_version=&#8220;4.19.0&#8243; _module_preset=&#8220;default&#8220; global_colors_info=&#8220;{}&#8220;][et_pb_image src=&#8220;https:\/\/raymweyland.lu\/wp-content\/uploads\/2023\/02\/cropped-Art-de-la-Table-Logo-PNG-e1530776689897-9.png&#8220; title_text=&#8220;cropped-Art-de-la-Table-Logo-PNG-e1530776689897-9&#8243; url=&#8220;https:\/\/artdelatable.lu\/&#8220; _builder_version=&#8220;4.19.5&#8243; _module_preset=&#8220;default&#8220; global_colors_info=&#8220;{}&#8220;][\/et_pb_image][\/et_pb_column][\/et_pb_row][\/et_pb_section][et_pb_section fb_built=&#8220;1&#8243; _builder_version=&#8220;4.22.1&#8243; _module_preset=&#8220;default&#8220; background_color=&#8220;#FFFFFF&#8220; custom_padding=&#8220;90px||100px||false|false&#8220; global_colors_info=&#8220;{}&#8220;][et_pb_row use_custom_gutter=&#8220;on&#8220; gutter_width=&#8220;2&#8243; make_equal=&#8220;on&#8220; _builder_version=&#8220;4.19.4&#8243; _module_preset=&#8220;default&#8220; width=&#8220;90%&#8220; width_tablet=&#8220;90%&#8220; width_phone=&#8220;90%&#8220; width_last_edited=&#8220;on|tablet&#8220; max_width_tablet=&#8220;90%&#8220; max_width_phone=&#8220;90%&#8220; max_width_last_edited=&#8220;off|desktop&#8220; custom_padding=&#8220;0px||0px||true|&#8220; animation_direction=&#8220;left&#8220; global_colors_info=&#8220;{}&#8220;][et_pb_column type=&#8220;4_4&#8243; _builder_version=&#8220;4.16&#8243; _module_preset=&#8220;default&#8220; global_colors_info=&#8220;{}&#8220;][et_pb_text _builder_version=&#8220;4.22.1&#8243; _module_preset=&#8220;default&#8220; header_4_font=&#8220;Jost|700||on|||||&#8220; header_4_text_align=&#8220;left&#8220; header_4_text_color=&#8220;#0A3050&#8243; header_4_font_size=&#8220;60px&#8220; header_4_letter_spacing=&#8220;-1px&#8220; hover_enabled=&#8220;0&#8243; header_4_font_size_tablet=&#8220;&#8220; header_4_font_size_phone=&#8220;40px&#8220; header_4_font_size_last_edited=&#8220;on|phone&#8220; global_colors_info=&#8220;{}&#8220; sticky_enabled=&#8220;0&#8243;]<\/p>\n<h4>F\u00fcr die Wartung Ihrer Anlagen.<\/h4>\n<p>[\/et_pb_text][et_pb_text _builder_version=&#8220;4.22.1&#8243; _module_preset=&#8220;default&#8220; text_font=&#8220;Jost||||||||&#8220; text_text_color=&#8220;#00ABC8&#8243; text_font_size=&#8220;20px&#8220; text_line_height=&#8220;1.8em&#8220; max_width=&#8220;465px&#8220; module_alignment=&#8220;left&#8220; custom_margin=&#8220;-6px||||false|false&#8220; hover_enabled=&#8220;0&#8243; global_colors_info=&#8220;{}&#8220; sticky_enabled=&#8220;0&#8243;]<\/p>\n<p><span>Nehmen Sie gerne Kontakt mit uns auf !<\/span><\/p>\n<p>[\/et_pb_text][et_pb_blurb title=&#8220;entretien@raymweyland.lu&#8220; use_icon=&#8220;on&#8220; font_icon=&#8220;&#xf1d8;||fa||400&#8243; icon_color=&#8220;#00ABC8&#8243; icon_placement=&#8220;left&#8220; image_icon_width=&#8220;40px&#8220; content_max_width=&#8220;100%&#8220; _builder_version=&#8220;4.22.1&#8243; _module_preset=&#8220;default&#8220; header_font=&#8220;Jost||||||||&#8220; header_text_align=&#8220;left&#8220; header_text_color=&#8220;#0A3050&#8243; header_font_size=&#8220;23px&#8220; header_line_height=&#8220;1.7em&#8220; background_color=&#8220;rgba(0,0,0,0)&#8220; transform_translate_linked__hover=&#8220;off&#8220; max_width=&#8220;34%&#8220; module_alignment=&#8220;left&#8220; custom_margin=&#8220;45px|10px|||false|false&#8220; custom_padding=&#8220;11px||2px|8px|false|false&#8220; animation=&#8220;off&#8220; link_option_url=&#8220;mailto:entretien@raymweyland.lu&#8220; border_radii=&#8220;on|100px|100px|100px|100px&#8220; border_width_all=&#8220;2px&#8220; border_color_all=&#8220;#0A3050&#8243; box_shadow_style=&#8220;preset3&#8243; box_shadow_vertical=&#8220;33px&#8220; box_shadow_blur=&#8220;59px&#8220; box_shadow_color=&#8220;rgba(0,0,0,0)&#8220; image_max_width=&#8220;40px&#8220; global_colors_info=&#8220;{}&#8220; header_text_color__hover_enabled=&#8220;off|desktop&#8220; header_text_color__hover=&#8220;#ffffff&#8220; border_color_all__hover_enabled=&#8220;off|desktop&#8220; border_color_all__hover=&#8220;#ffffff&#8220; background__hover_enabled=&#8220;off|desktop&#8220; box_shadow_color__hover_enabled=&#8220;on|desktop&#8220; box_shadow_color__hover=&#8220;rgba(255,255,255,0.38)&#8220; transform_styles__hover_enabled=&#8220;on|desktop&#8220; transform_scale__hover_enabled=&#8220;on|desktop&#8220; transform_translate__hover_enabled=&#8220;on|desktop&#8220; transform_rotate__hover_enabled=&#8220;on|desktop&#8220; transform_skew__hover_enabled=&#8220;on|desktop&#8220; transform_origin__hover_enabled=&#8220;on|desktop&#8220; transform_translate__hover=&#8220;0px|-5px&#8220;][\/et_pb_blurb][\/et_pb_column][\/et_pb_row][\/et_pb_section]<\/p>\n","protected":false},"excerpt":{"rendered":"<p>Ausstattungen<div class=\"et_pb_module dsm_animated_gradient_text dsm_animated_gradient_text_0\">\n\t\t\t\t\n\t\t\t\t\n\t\t\t\t\n\t\t\t\t\n\t\t\t\t\n\t\t\t\t\n\t\t\t\t<div class=\"et_pb_module_inner\">\n\t\t\t\t\t<h2 class=\"dsm-animated-gradient-text et_pb_module_header\">Tischkultur von Weyland<\/h2>\n\t\t\t\t<\/div>\n\t\t\t<\/div>Mit der Firma ART DE LA TABLE gehen wir auf Ihren gesamten Bedarf an Kleinmaterial und Ausstattung f\u00fcr Ihre K\u00fcche ein. Dazu geh\u00f6ren Geschirr, K\u00fcchenutensilien, Kochgeschirr, Zubereitungsger\u00e4te wie Mixer, Aufschnittmaschinen usw. und sogar K\u00fcchenwagen und Beh\u00e4lter aller Art, sowie auch Hygieneartikel.Entdecken Sie unsere Website :F\u00fcr die Wartung Ihrer Anlagen.Nehmen Sie gerne Kontakt mit uns auf !<\/p>\n","protected":false},"author":2,"featured_media":0,"parent":0,"menu_order":0,"comment_status":"closed","ping_status":"closed","template":"","meta":{"_et_pb_use_builder":"on","_et_pb_old_content":"","_et_gb_content_width":"","wp_popup_display_lightbox":0,"wp_popup_suppress":"","wp_popup_trigger":"","wp_popup_trigger_amount":0,"wp_popup_disable_on_mobile":false,"footnotes":""},"class_list":["post-242938","page","type-page","status-publish","hentry"],"_links":{"self":[{"href":"https:\/\/raymweyland.lu\/de\/wp-json\/wp\/v2\/pages\/242938","targetHints":{"allow":["GET"]}}],"collection":[{"href":"https:\/\/raymweyland.lu\/de\/wp-json\/wp\/v2\/pages"}],"about":[{"href":"https:\/\/raymweyland.lu\/de\/wp-json\/wp\/v2\/types\/page"}],"author":[{"embeddable":true,"href":"https:\/\/raymweyland.lu\/de\/wp-json\/wp\/v2\/users\/2"}],"replies":[{"embeddable":true,"href":"https:\/\/raymweyland.lu\/de\/wp-json\/wp\/v2\/comments?post=242938"}],"version-history":[{"count":0,"href":"https:\/\/raymweyland.lu\/de\/wp-json\/wp\/v2\/pages\/242938\/revisions"}],"wp:attachment":[{"href":"https:\/\/raymweyland.lu\/de\/wp-json\/wp\/v2\/media?parent=242938"}],"curies":[{"name":"wp","href":"https:\/\/api.w.org\/{rel}","templated":true}]}}