{"id":242972,"date":"2023-02-06T07:42:38","date_gmt":"2023-02-06T06:42:38","guid":{"rendered":"https:\/\/raymweyland.lu\/gewerbliche-kaeltetechnik\/"},"modified":"2025-06-20T12:56:04","modified_gmt":"2025-06-20T11:56:04","slug":"gewerbliche-kaeltetechnik","status":"publish","type":"page","link":"https:\/\/raymweyland.lu\/de\/gewerbliche-kaeltetechnik\/","title":{"rendered":"Gewerbliche K\u00e4ltetechnik"},"content":{"rendered":"<p>[et_pb_section fb_built=&#8220;1&#8243; custom_padding_last_edited=&#8220;on|phone&#8220; _builder_version=&#8220;4.21.0&#8243; _module_preset=&#8220;default&#8220; background_image=&#8220;https:\/\/raymweyland.lu\/wp-content\/uploads\/2022\/11\/Hero-Background-Weyland.jpg&#8220; custom_margin=&#8220;||||false|false&#8220; custom_padding=&#8220;100px||100px||true|false&#8220; custom_padding_tablet=&#8220;100px||100px||true|false&#8220; custom_padding_phone=&#8220;100px||100px||true|false&#8220; global_colors_info=&#8220;{}&#8220;][et_pb_row _builder_version=&#8220;4.19.0&#8243; _module_preset=&#8220;default&#8220; global_colors_info=&#8220;{}&#8220;][et_pb_column type=&#8220;4_4&#8243; _builder_version=&#8220;4.19.0&#8243; _module_preset=&#8220;default&#8220; global_colors_info=&#8220;{}&#8220;][et_pb_text _builder_version=&#8220;4.21.0&#8243; _module_preset=&#8220;default&#8220; text_font=&#8220;Jost|700|||||||&#8220; text_text_color=&#8220;#FFFFFF&#8220; text_font_size=&#8220;120px&#8220; header_font=&#8220;Jost|800|||||||&#8220; header_text_color=&#8220;#FFFFFF&#8220; header_font_size=&#8220;80px&#8220; text_font_size_tablet=&#8220;103px&#8220; text_font_size_phone=&#8220;57px&#8220; text_font_size_last_edited=&#8220;on|tablet&#8220; text_line_height_tablet=&#8220;80px&#8220; text_line_height_phone=&#8220;80px&#8220; text_line_height_last_edited=&#8220;on|phone&#8220; header_font_size_tablet=&#8220;80px&#8220; header_font_size_phone=&#8220;50px&#8220; header_font_size_last_edited=&#8220;on|phone&#8220; global_colors_info=&#8220;{}&#8220;]<\/p>\n<h1>Gewerbliche K\u00e4ltetechnik<\/h1>\n<p>[\/et_pb_text][\/et_pb_column][\/et_pb_row][\/et_pb_section][et_pb_section fb_built=&#8220;1&#8243; _builder_version=&#8220;4.19.0&#8243; _module_preset=&#8220;default&#8220; custom_padding=&#8220;0px|||||&#8220; global_colors_info=&#8220;{}&#8220;][et_pb_row _builder_version=&#8220;4.19.0&#8243; _module_preset=&#8220;default&#8220; custom_padding=&#8220;63px|||||&#8220; global_colors_info=&#8220;{}&#8220;][et_pb_column type=&#8220;4_4&#8243; _builder_version=&#8220;4.16&#8243; _module_preset=&#8220;default&#8220; global_colors_info=&#8220;{}&#8220;][dsm_animated_gradient_text animated_gradient_text=&#8220;Gewerbliche K\u00e4ltetechnik von Weyland&#8220; gradient_one_color=&#8220;#6dd5ed&#8220; gradient_two_color=&#8220;#6dd5ed&#8220; gradient_three_color=&#8220;#2193b0&#8243; gradient_four_color=&#8220;#ffffff&#8220; _builder_version=&#8220;4.21.0&#8243; _module_preset=&#8220;default&#8220; header_font=&#8220;Jost|800|||||||&#8220; header_text_align=&#8220;center&#8220; header_font_size=&#8220;45px&#8220; header_line_height=&#8220;1.3em&#8220; module_alignment=&#8220;center&#8220; custom_margin=&#8220;||10px||false|false&#8220; custom_margin_tablet=&#8220;0px||30px||false|false&#8220; custom_margin_phone=&#8220;&#8220; custom_margin_last_edited=&#8220;on|tablet&#8220; header_font_size_tablet=&#8220;40px&#8220; header_font_size_phone=&#8220;30px&#8220; header_font_size_last_edited=&#8220;on|tablet&#8220; global_colors_info=&#8220;{}&#8220;][\/dsm_animated_gradient_text][et_pb_text _builder_version=&#8220;4.21.0&#8243; _module_preset=&#8220;default&#8220; text_font=&#8220;Jost||||||||&#8220; text_text_color=&#8220;#333333&#8243; text_font_size=&#8220;20px&#8220; text_orientation=&#8220;center&#8220; global_colors_info=&#8220;{}&#8220;]<\/p>\n<p style=\"text-align: justify;\"><span style=\"font-weight: 400;\">Die von Weyland angebotenen Gewerbek\u00e4lte-Dienstleistungen werden in Luxemburg f\u00fcr ihre Zuverl\u00e4ssigkeit und Leistungsf\u00e4higkeit anerkannt. Dank unserer fortschrittlichem Fachkenntnis im Bereich der K\u00e4ltetechnik k\u00f6nnen wir Fachleuten aus dem Lebensmittelsektor, der Gastronomie usw. anpassungsf\u00e4hige L\u00f6sungen anbieten. Unsere K\u00fchlr\u00e4ume garantieren eine konstante Temperatur, eine optimale Luftfeuchtigkeit und eine einwandfreie Konservierungsqualit\u00e4t f\u00fcr die darin gelagerten Produkte. Wir k\u00f6nnen die Installation, Wartung und Reparatur von K\u00fchlanlagen mit optimaler Verf\u00fcgbarkeit vorschlagen, um den Bed\u00fcrfnissen unserer Kunden gerecht zu werden. Wenn Sie sich f\u00fcr Weyland entscheiden, profitieren Sie von einer Reihe zuverl\u00e4ssiger, wirtschaftlicher und qualitativ hochwertiger L\u00f6sungen der gewerblichen K\u00e4ltetechnik.<\/span><\/p>\n<p>[\/et_pb_text][\/et_pb_column][\/et_pb_row][\/et_pb_section][et_pb_section fb_built=&#8220;1&#8243; admin_label=&#8220;TBVS &#8211; Light &#8211; Content 5&#8243; module_class=&#8220;tbvs-section-light&#8220; _builder_version=&#8220;4.16&#8243; _module_preset=&#8220;default&#8220; global_colors_info=&#8220;{}&#8220;][et_pb_row column_structure=&#8220;1_2,1_2&#8243; make_equal=&#8220;on&#8220; _builder_version=&#8220;4.21.0&#8243; _module_preset=&#8220;default&#8220; custom_css_main_element=&#8220;margin:auto&#8220; global_colors_info=&#8220;{}&#8220;][et_pb_column type=&#8220;1_2&#8243; _builder_version=&#8220;4.16&#8243; _module_preset=&#8220;default&#8220; custom_padding_tablet=&#8220;||30px||false|false&#8220; custom_padding_phone=&#8220;&#8220; custom_padding_last_edited=&#8220;on|tablet&#8220; global_colors_info=&#8220;{}&#8220;][et_pb_text _builder_version=&#8220;4.21.0&#8243; _module_preset=&#8220;default&#8220; header_2_font=&#8220;Jost|800|||||||&#8220; header_2_text_color=&#8220;#00ABC8&#8243; header_2_font_size=&#8220;38px&#8220; header_2_line_height=&#8220;1.1em&#8220; header_3_font=&#8220;Jost|800|||||||&#8220; header_3_text_color=&#8220;#00ABC8&#8243; header_3_font_size=&#8220;38px&#8220; global_colors_info=&#8220;{}&#8220;]<\/p>\n<h3>Die Beratung<\/h3>\n<p>[\/et_pb_text][et_pb_text _builder_version=&#8220;4.21.0&#8243; _module_preset=&#8220;default&#8220; text_font=&#8220;Jost||||||||&#8220; text_text_color=&#8220;#333333&#8243; text_font_size=&#8220;17px&#8220; global_colors_info=&#8220;{}&#8220;]<\/p>\n<p style=\"text-align: justify;\"><span style=\"font-weight: 400;\">Wir bei Weyland wissen sehr gut, wie wichtig gewerbliche K\u00fchlung und K\u00fchlr\u00e4ume f\u00fcr Unternehmen aller Art sind. Deshalb bieten wir modernste L\u00f6sungen f\u00fcr alle Ihre Anforderungen, was die Lagerung und Aufbewahrung von Produkten angeht. Wir unterst\u00fctzen Sie mit fachkundiger Beratung, damit Sie die f\u00fcr Ihren Bedarf am besten geeigneten Ger\u00e4te und Ausr\u00fcstungen ausw\u00e4hlen k\u00f6nnen, wodurch Sie die Leistungsf\u00e4higkeit optimieren und gleichzeitig die Energiekosten reduzieren k\u00f6nnen.<\/span><\/p>\n<p>Mit unseren hochwertigen Produkten und unserem stets bestehenden Engagement f\u00fcr einen optimalen Kundendienst sind wir bereit, allen Ihren Anforderungen im Bereich der gewerblichen K\u00e4ltetechnik zu entsprechen.<\/p>\n<p>[\/et_pb_text][\/et_pb_column][et_pb_column type=&#8220;1_2&#8243; _builder_version=&#8220;4.21.0&#8243; _module_preset=&#8220;default&#8220; custom_css_main_element=&#8220;margin:auto&#8220; global_colors_info=&#8220;{}&#8220;][et_pb_image src=&#8220;https:\/\/raymweyland.lu\/wp-content\/uploads\/2023\/02\/Weyland-froid-commercial-service.jpg&#8220; title_text=&#8220;Weyland froid commercial service&#8220; _builder_version=&#8220;4.19.0&#8243; _module_preset=&#8220;default&#8220; box_shadow_style=&#8220;preset3&#8243; global_colors_info=&#8220;{}&#8220;][\/et_pb_image][\/et_pb_column][\/et_pb_row][\/et_pb_section][et_pb_section fb_built=&#8220;1&#8243; admin_label=&#8220;TBVS &#8211; Light &#8211; Content 6&#8243; module_class=&#8220;tbvs-section-light&#8220; _builder_version=&#8220;4.16&#8243; _module_preset=&#8220;default&#8220; global_colors_info=&#8220;{}&#8220;][et_pb_row column_structure=&#8220;1_2,1_2&#8243; make_equal=&#8220;on&#8220; module_class=&#8220;reverse&#8220; _builder_version=&#8220;4.21.0&#8243; _module_preset=&#8220;default&#8220; global_colors_info=&#8220;{}&#8220;][et_pb_column type=&#8220;1_2&#8243; _builder_version=&#8220;4.16&#8243; _module_preset=&#8220;default&#8220; custom_padding_tablet=&#8220;||30px||false|false&#8220; custom_padding_phone=&#8220;&#8220; custom_padding_last_edited=&#8220;on|tablet&#8220; global_colors_info=&#8220;{}&#8220;][et_pb_image src=&#8220;https:\/\/raymweyland.lu\/wp-content\/uploads\/2023\/05\/Weyland-froid-commercial-2.jpg&#8220; title_text=&#8220;Weyland froid commercial 2&#8243; _builder_version=&#8220;4.21.0&#8243; _module_preset=&#8220;default&#8220; box_shadow_style=&#8220;preset3&#8243; global_colors_info=&#8220;{}&#8220;][\/et_pb_image][\/et_pb_column][et_pb_column type=&#8220;1_2&#8243; _builder_version=&#8220;4.21.0&#8243; _module_preset=&#8220;default&#8220; custom_css_main_element=&#8220;margin:auto&#8220; global_colors_info=&#8220;{}&#8220;][et_pb_text _builder_version=&#8220;4.21.0&#8243; _module_preset=&#8220;default&#8220; header_2_font=&#8220;Jost|800|||||||&#8220; header_2_text_color=&#8220;#00ABC8&#8243; header_2_font_size=&#8220;38px&#8220; header_2_line_height=&#8220;1.1em&#8220; header_3_font=&#8220;Jost|800|||||||&#8220; header_3_text_color=&#8220;#00ABC8&#8243; header_3_font_size=&#8220;38px&#8220; global_colors_info=&#8220;{}&#8220;]<\/p>\n<h3>Die gr\u00f6\u00dften Marken<\/h3>\n<p>[\/et_pb_text][et_pb_text _builder_version=&#8220;4.21.0&#8243; _module_preset=&#8220;default&#8220; text_font=&#8220;Jost||||||||&#8220; text_text_color=&#8220;#333333&#8243; text_font_size=&#8220;17px&#8220; global_colors_info=&#8220;{}&#8220;]<\/p>\n<p style=\"text-align: justify;\"><span style=\"font-weight: 400;\">Als f\u00fchrender Anbieter von Gewerbek\u00e4lte-Technik pflegen wir enge Beziehungen zu den besten Herstellern in diesem Marktbereich. Unabh\u00e4ngig von der Gr\u00f6\u00dfe oder Art des Unternehmens k\u00f6nnen Sie sich auf uns verlassen, dass wir eine umfassende Auswahl an hochwertigen K\u00fchlger\u00e4ten anbieten. <\/span><\/p>\n<p style=\"text-align: justify;\"><span style=\"font-weight: 400;\">Wir arbeiten mit den f\u00fchrenden Marken der Branche zusammen, um sicherzustellen, dass unsere Kunden in den Genuss der neuesten technologischen Entwicklungen kommen k\u00f6nnen, um dadurch eine zuverl\u00e4ssige und wirksame Leistungsf\u00e4higkeit zu garantieren Sollten Sie sich aktuell nach professionellen K\u00fchlger\u00e4ten, die auf dem neuesten Stand der Technik sind, umsehen: wir bei Weyland sind wir f\u00fcr Sie da, um Sie zu beraten&#8230;<\/span><\/p>\n<p>[\/et_pb_text][\/et_pb_column][\/et_pb_row][\/et_pb_section][et_pb_section fb_built=&#8220;1&#8243; _builder_version=&#8220;4.22.1&#8243; _module_preset=&#8220;default&#8220; background_color=&#8220;#efefef&#8220; custom_padding=&#8220;90px||100px||false|false&#8220; global_colors_info=&#8220;{}&#8220;][et_pb_row use_custom_gutter=&#8220;on&#8220; gutter_width=&#8220;2&#8243; make_equal=&#8220;on&#8220; _builder_version=&#8220;4.19.4&#8243; _module_preset=&#8220;default&#8220; width=&#8220;90%&#8220; width_tablet=&#8220;90%&#8220; width_phone=&#8220;90%&#8220; width_last_edited=&#8220;on|tablet&#8220; max_width_tablet=&#8220;90%&#8220; max_width_phone=&#8220;90%&#8220; max_width_last_edited=&#8220;off|desktop&#8220; custom_padding=&#8220;0px||0px||true|&#8220; animation_direction=&#8220;left&#8220; global_colors_info=&#8220;{}&#8220;][et_pb_column type=&#8220;4_4&#8243; _builder_version=&#8220;4.16&#8243; _module_preset=&#8220;default&#8220; global_colors_info=&#8220;{}&#8220;][et_pb_text _builder_version=&#8220;4.22.1&#8243; _module_preset=&#8220;default&#8220; header_4_font=&#8220;Jost|700||on|||||&#8220; header_4_text_align=&#8220;left&#8220; header_4_text_color=&#8220;#0A3050&#8243; header_4_font_size=&#8220;60px&#8220; header_4_letter_spacing=&#8220;-1px&#8220; header_4_font_size_tablet=&#8220;&#8220; header_4_font_size_phone=&#8220;40px&#8220; header_4_font_size_last_edited=&#8220;on|phone&#8220; global_colors_info=&#8220;{}&#8220;]<\/p>\n<h4><span>F\u00dcR DIE WARTUNG IHRER ANLAGEN.<\/span><\/h4>\n<p>[\/et_pb_text][et_pb_text _builder_version=&#8220;4.22.1&#8243; _module_preset=&#8220;default&#8220; text_font=&#8220;Jost||||||||&#8220; text_text_color=&#8220;#00ABC8&#8243; text_font_size=&#8220;20px&#8220; text_line_height=&#8220;1.8em&#8220; max_width=&#8220;465px&#8220; module_alignment=&#8220;left&#8220; custom_margin=&#8220;-6px||||false|false&#8220; global_colors_info=&#8220;{}&#8220;]<\/p>\n<p><span>Nehmen Sie gerne Kontakt mit uns auf !<\/span><\/p>\n<p>[\/et_pb_text][et_pb_blurb title=&#8220;entretien@raymweyland.lu&#8220; use_icon=&#8220;on&#8220; font_icon=&#8220;&#xf1d8;||fa||400&#8243; icon_color=&#8220;#00ABC8&#8243; icon_placement=&#8220;left&#8220; image_icon_width=&#8220;40px&#8220; content_max_width=&#8220;100%&#8220; _builder_version=&#8220;4.22.1&#8243; _module_preset=&#8220;default&#8220; header_font=&#8220;Jost||||||||&#8220; header_text_align=&#8220;left&#8220; header_text_color=&#8220;#0A3050&#8243; header_font_size=&#8220;23px&#8220; header_line_height=&#8220;1.7em&#8220; background_color=&#8220;rgba(0,0,0,0)&#8220; transform_translate_linked__hover=&#8220;off&#8220; max_width=&#8220;34%&#8220; module_alignment=&#8220;left&#8220; custom_margin=&#8220;45px|10px|||false|false&#8220; custom_padding=&#8220;11px||2px|8px|false|false&#8220; animation=&#8220;off&#8220; link_option_url=&#8220;mailto:entretien@raymweyland.lu&#8220; border_radii=&#8220;on|100px|100px|100px|100px&#8220; border_width_all=&#8220;2px&#8220; border_color_all=&#8220;#0A3050&#8243; box_shadow_style=&#8220;preset3&#8243; box_shadow_vertical=&#8220;33px&#8220; box_shadow_blur=&#8220;59px&#8220; box_shadow_color=&#8220;rgba(0,0,0,0)&#8220; image_max_width=&#8220;40px&#8220; global_colors_info=&#8220;{}&#8220; header_text_color__hover_enabled=&#8220;off|desktop&#8220; header_text_color__hover=&#8220;#ffffff&#8220; border_color_all__hover_enabled=&#8220;off|desktop&#8220; border_color_all__hover=&#8220;#ffffff&#8220; background__hover_enabled=&#8220;off|desktop&#8220; box_shadow_color__hover_enabled=&#8220;on|desktop&#8220; box_shadow_color__hover=&#8220;rgba(255,255,255,0.38)&#8220; transform_styles__hover_enabled=&#8220;on|desktop&#8220; transform_scale__hover_enabled=&#8220;on|desktop&#8220; transform_translate__hover_enabled=&#8220;on|desktop&#8220; transform_rotate__hover_enabled=&#8220;on|desktop&#8220; transform_skew__hover_enabled=&#8220;on|desktop&#8220; transform_origin__hover_enabled=&#8220;on|desktop&#8220; transform_translate__hover=&#8220;0px|-5px&#8220;][\/et_pb_blurb][\/et_pb_column][\/et_pb_row][\/et_pb_section][et_pb_section fb_built=&#8220;1&#8243; admin_label=&#8220;TBVS &#8211; Light &#8211; Content 2&#8243; module_class=&#8220;tbvs-section-light&#8220; _builder_version=&#8220;4.16&#8243; _module_preset=&#8220;default&#8220; global_module=&#8220;242859&#8243; global_colors_info=&#8220;{}&#8220;][et_pb_row module_class=&#8220;tbvs-inline-button-center&#8220; _builder_version=&#8220;4.19.0&#8243; _module_preset=&#8220;default&#8220; global_colors_info=&#8220;{}&#8220;][et_pb_column type=&#8220;4_4&#8243; _builder_version=&#8220;4.16&#8243; _module_preset=&#8220;default&#8220; global_colors_info=&#8220;{}&#8220;][et_pb_text _builder_version=&#8220;4.21.0&#8243; _module_preset=&#8220;default&#8220; header_2_font=&#8220;Montserrat|800|||||||&#8220; header_2_text_color=&#8220;#0A3050&#8243; header_2_font_size=&#8220;38px&#8220; header_2_line_height=&#8220;1.1em&#8220; text_orientation=&#8220;center&#8220; global_colors_info=&#8220;{}&#8220;]<\/p>\n<h2>Der Service by Weyland<\/h2>\n<p>[\/et_pb_text][et_pb_text _builder_version=&#8220;4.21.0&#8243; _module_preset=&#8220;default&#8220; text_font=&#8220;Jost||||||||&#8220; text_text_color=&#8220;#333333&#8243; text_font_size=&#8220;17px&#8220; text_orientation=&#8220;center&#8220; global_colors_info=&#8220;{}&#8220;]<\/p>\n<p style=\"text-align: justify;\"><span style=\"font-weight: 400;\">Wir bieten unseren Kunden einen Service zur Wartung und Fehlerbehebung von Ger\u00e4ten an. Unser Team besteht aus qualifizierten und spezialisierten Technikern, die daf\u00fcr sorgen, dass Ihr System unter allen Umst\u00e4nden optimal funktioniert. Ma\u00dfgeschneiderte Wartungsprogramme werden entwickelt, um Ihren individuellen Bed\u00fcrfnissen gerecht zu werden und Ausfallzeiten zu minimieren. Mit unserem Fachwissen und unserem Engagement f\u00fcr eine hervorragende Kundenbetreuung k\u00f6nnen Sie sicher sein, dass Ihre Ger\u00e4te gewartet werden und problemlos funktionieren, wenn Sie sie ben\u00f6tigen.   <\/span><\/p>\n<p>[\/et_pb_text][\/et_pb_column][\/et_pb_row][et_pb_row column_structure=&#8220;1_3,1_3,1_3&#8243; _builder_version=&#8220;4.19.0&#8243; _module_preset=&#8220;default&#8220; global_colors_info=&#8220;{}&#8220;][et_pb_column type=&#8220;1_3&#8243; _builder_version=&#8220;4.19.0&#8243; _module_preset=&#8220;default&#8220; global_colors_info=&#8220;{}&#8220;][et_pb_image src=&#8220;https:\/\/raymweyland.lu\/wp-content\/uploads\/2023\/02\/operateur.png&#8220; title_text=&#8220;operateur&#8220; align=&#8220;center&#8220; _builder_version=&#8220;4.19.0&#8243; _module_preset=&#8220;default&#8220; global_colors_info=&#8220;{}&#8220;][\/et_pb_image][et_pb_text _builder_version=&#8220;4.21.0&#8243; _module_preset=&#8220;default&#8220; text_font=&#8220;Jost||||||||&#8220; text_font_size=&#8220;17px&#8220; global_colors_info=&#8220;{}&#8220;]<\/p>\n<p style=\"text-align: center;\">Fehlerbehebung 7\/7 und 24\/24<\/p>\n<p>[\/et_pb_text][\/et_pb_column][et_pb_column type=&#8220;1_3&#8243; _builder_version=&#8220;4.19.0&#8243; _module_preset=&#8220;default&#8220; global_colors_info=&#8220;{}&#8220;][et_pb_image src=&#8220;https:\/\/raymweyland.lu\/wp-content\/uploads\/2023\/02\/outil-de-reparation.png&#8220; title_text=&#8220;outil-de-reparation&#8220; align=&#8220;center&#8220; _builder_version=&#8220;4.19.0&#8243; _module_preset=&#8220;default&#8220; global_colors_info=&#8220;{}&#8220;][\/et_pb_image][et_pb_text _builder_version=&#8220;4.19.0&#8243; _module_preset=&#8220;default&#8220; text_font=&#8220;Jost||||||||&#8220; text_font_size=&#8220;17px&#8220; global_colors_info=&#8220;{}&#8220;]<\/p>\n<p style=\"text-align: center;\">Wartung<\/p>\n<p>[\/et_pb_text][\/et_pb_column][et_pb_column type=&#8220;1_3&#8243; _builder_version=&#8220;4.19.0&#8243; _module_preset=&#8220;default&#8220; global_colors_info=&#8220;{}&#8220;][et_pb_image src=&#8220;https:\/\/raymweyland.lu\/wp-content\/uploads\/2023\/02\/entretien.png&#8220; title_text=&#8220;Wartung&#8220; align=&#8220;center&#8220; _builder_version=&#8220;4.19.0&#8243; _module_preset=&#8220;default&#8220; global_colors_info=&#8220;{}&#8220;][\/et_pb_image][et_pb_text _builder_version=&#8220;4.19.0&#8243; _module_preset=&#8220;default&#8220; text_font=&#8220;Jost||||||||&#8220; text_font_size=&#8220;17px&#8220; global_colors_info=&#8220;{}&#8220;]<\/p>\n<p style=\"text-align: center;\">Ersatzteile und Reparaturen<\/p>\n<p>[\/et_pb_text][\/et_pb_column][\/et_pb_row][\/et_pb_section][et_pb_section fb_built=&#8220;1&#8243; _builder_version=&#8220;4.27.4&#8243; _module_preset=&#8220;default&#8220; background_color=&#8220;#782761&#8243; custom_padding=&#8220;90px||100px||false|false&#8220; global_colors_info=&#8220;{}&#8220; global_module=&#8220;243492&#8243; theme_builder_area=&#8220;post_content&#8220;][et_pb_row column_structure=&#8220;1_2,1_2&#8243; use_custom_gutter=&#8220;on&#8220; gutter_width=&#8220;2&#8243; make_equal=&#8220;on&#8220; custom_padding_last_edited=&#8220;on|desktop&#8220; module_class=&#8220;reverse&#8220; _builder_version=&#8220;4.27.4&#8243; _module_preset=&#8220;default&#8220; background_color=&#8220;#FFFFFF&#8220; width=&#8220;90%&#8220; width_tablet=&#8220;90%&#8220; width_phone=&#8220;90%&#8220; width_last_edited=&#8220;on|tablet&#8220; max_width_tablet=&#8220;90%&#8220; max_width_phone=&#8220;90%&#8220; max_width_last_edited=&#8220;off|desktop&#8220; custom_padding=&#8220;30px|40px|30px|40px|true|true&#8220; custom_padding_tablet=&#8220;40px|30px|40px|30px|true|true&#8220; custom_padding_phone=&#8220;25px|20px|25px|20px|true|true&#8220; animation_direction=&#8220;left&#8220; global_colors_info=&#8220;{}&#8220; theme_builder_area=&#8220;post_content&#8220;][et_pb_column type=&#8220;1_2&#8243; _builder_version=&#8220;4.27.4&#8243; _module_preset=&#8220;default&#8220; custom_css_main_element=&#8220;margin: auto;&#8220; global_colors_info=&#8220;{}&#8220; theme_builder_area=&#8220;post_content&#8220;][et_pb_text _builder_version=&#8220;4.27.4&#8243; _module_preset=&#8220;default&#8220; header_4_font=&#8220;Jost|700||on|||||&#8220; header_4_text_align=&#8220;left&#8220; header_4_text_color=&#8220;#0A3050&#8243; header_4_font_size=&#8220;60px&#8220; header_4_letter_spacing=&#8220;-1px&#8220; custom_margin_tablet=&#8220;30px||||false|false&#8220; custom_margin_phone=&#8220;&#8220; custom_margin_last_edited=&#8220;on|phone&#8220; header_4_font_size_tablet=&#8220;&#8220; header_4_font_size_phone=&#8220;40px&#8220; header_4_font_size_last_edited=&#8220;on|phone&#8220; global_colors_info=&#8220;{}&#8220; theme_builder_area=&#8220;post_content&#8220;]<\/p>\n<h4>Kochen wie die Profis<\/h4>\n<p>[\/et_pb_text][et_pb_text _builder_version=&#8220;4.27.4&#8243; _module_preset=&#8220;default&#8220; text_font=&#8220;Jost||||||||&#8220; text_text_color=&#8220;#000000&#8243; text_font_size=&#8220;20px&#8220; text_line_height=&#8220;1.8em&#8220; max_width=&#8220;465px&#8220; module_alignment=&#8220;left&#8220; custom_margin=&#8220;-6px||||false|false&#8220; global_colors_info=&#8220;{}&#8220; theme_builder_area=&#8220;post_content&#8220;]<\/p>\n<p>Zwischen der Kreativit\u00e4t des Hobbykochs und der Pr\u00e4zision des Profis liegt nur ein Schritt: das richtige Werkzeug. Entdecken Sie hier die von Experten empfohlenen K\u00fcchenhelfer, jetzt auch f\u00fcr Sie erh\u00e4ltlich. <\/p>\n<p>[\/et_pb_text][et_pb_button button_url=&#8220;https:\/\/artdelatable.lu\/&#8220; url_new_window=&#8220;on&#8220; button_text=&#8220;Jetzt ausstatten&#8220; button_alignment=&#8220;left&#8220; _builder_version=&#8220;4.27.4&#8243; custom_button=&#8220;on&#8220; button_text_size=&#8220;14px&#8220; button_text_color=&#8220;#FFFFFF&#8220; button_bg_color=&#8220;#782761&#8243; button_border_width=&#8220;1px&#8220; button_border_color=&#8220;#383838&#8243; button_border_radius=&#8220;0px&#8220; button_letter_spacing=&#8220;1px&#8220; button_font=&#8220;Poppins|||on|||||&#8220; button_use_icon=&#8220;off&#8220; custom_margin=&#8220;37px||&#8220; custom_padding=&#8220;17px|30px|17px|30px|true|true&#8220; global_colors_info=&#8220;{}&#8220; button_bg_color__hover_enabled=&#8220;on|hover&#8220; button_bg_color__hover=&#8220;#00ABC8&#8243; button_letter_spacing__hover_enabled=&#8220;on&#8220; button_letter_spacing__hover=&#8220;2px&#8220; button_border_color__hover_enabled=&#8220;on&#8220; button_border_color__hover=&#8220;#bfbfbf&#8220; button_text_color__hover_enabled=&#8220;on|hover&#8220; button_text_color__hover=&#8220;#FFFFFF&#8220; button_bg_enable_color__hover=&#8220;on&#8220; theme_builder_area=&#8220;post_content&#8220;][\/et_pb_button][\/et_pb_column][et_pb_column type=&#8220;1_2&#8243; _builder_version=&#8220;4.27.4&#8243; _module_preset=&#8220;default&#8220; custom_css_main_element=&#8220;margin: auto;&#8220; global_colors_info=&#8220;{}&#8220; theme_builder_area=&#8220;post_content&#8220;][et_pb_image src=&#8220;https:\/\/raymweyland.lu\/wp-content\/uploads\/2023\/03\/cropped-Art-de-la-Table-Logo-PNG-e1530776689897-9.png&#8220; title_text=&#8220;cropped-Art-de-la-Table-Logo-PNG-e1530776689897-9&#8243; _builder_version=&#8220;4.27.4&#8243; _module_preset=&#8220;default&#8220; global_colors_info=&#8220;{}&#8220; theme_builder_area=&#8220;post_content&#8220;][\/et_pb_image][et_pb_image src=&#8220;https:\/\/raymweyland.lu\/wp-content\/uploads\/2025\/06\/art-de-la-table-image-cta.jpg&#8220; title_text=&#8220;art-de-la-table-image-cta&#8220; _builder_version=&#8220;4.27.4&#8243; _module_preset=&#8220;default&#8220; global_colors_info=&#8220;{}&#8220; theme_builder_area=&#8220;post_content&#8220;][\/et_pb_image][\/et_pb_column][\/et_pb_row][\/et_pb_section]<\/p>\n","protected":false},"excerpt":{"rendered":"<p>Gewerbliche K\u00e4ltetechnik<div class=\"et_pb_module dsm_animated_gradient_text dsm_animated_gradient_text_0\">\n\t\t\t\t\n\t\t\t\t\n\t\t\t\t\n\t\t\t\t\n\t\t\t\t\n\t\t\t\t\n\t\t\t\t<div class=\"et_pb_module_inner\">\n\t\t\t\t\t<h2 class=\"dsm-animated-gradient-text et_pb_module_header\">Gewerbliche K\u00e4ltetechnik von Weyland<\/h2>\n\t\t\t\t<\/div>\n\t\t\t<\/div>Die von Weyland angebotenen Gewerbek\u00e4lte-Dienstleistungen werden in Luxemburg f\u00fcr ihre Zuverl\u00e4ssigkeit und Leistungsf\u00e4higkeit anerkannt. Dank unserer fortschrittlichem Fachkenntnis im Bereich der K\u00e4ltetechnik k\u00f6nnen wir Fachleuten aus dem Lebensmittelsektor, der Gastronomie usw. anpassungsf\u00e4hige L\u00f6sungen anbieten. Unsere K\u00fchlr\u00e4ume garantieren eine konstante Temperatur, eine optimale Luftfeuchtigkeit und eine einwandfreie Konservierungsqualit\u00e4t f\u00fcr die darin gelagerten Produkte. Wir k\u00f6nnen die Installation, Wartung und Reparatur von K\u00fchlanlagen mit optimaler Verf\u00fcgbarkeit vorschlagen, um den Bed\u00fcrfnissen unserer Kunden gerecht zu werden. Wenn Sie sich f\u00fcr Weyland entscheiden, profitieren Sie von einer Reihe zuverl\u00e4ssiger, wirtschaftlicher und qualitativ hochwertiger L\u00f6sungen der gewerblichen K\u00e4ltetechnik.Die BeratungWir bei Weyland wissen sehr gut, wie wichtig gewerbliche K\u00fchlung und K\u00fchlr\u00e4ume f\u00fcr Unternehmen aller Art sind. Deshalb bieten wir modernste L\u00f6sungen f\u00fcr alle Ihre Anforderungen, was die Lagerung und Aufbewahrung von Produkten angeht. Wir unterst\u00fctzen Sie mit fachkundiger Beratung, damit Sie die f\u00fcr Ihren Bedarf am besten geeigneten Ger\u00e4te und Ausr\u00fcstungen ausw\u00e4hlen k\u00f6nnen, wodurch Sie die Leistungsf\u00e4higkeit optimieren und gleichzeitig die Energiekosten reduzieren k\u00f6nnen. Mit unseren hochwertigen Produkten und unserem stets bestehenden Engagement f\u00fcr einen optimalen Kundendienst sind wir bereit, allen Ihren [&hellip;]<\/p>\n","protected":false},"author":2,"featured_media":0,"parent":0,"menu_order":0,"comment_status":"closed","ping_status":"closed","template":"","meta":{"_et_pb_use_builder":"on","_et_pb_old_content":"","_et_gb_content_width":"","wp_popup_display_lightbox":0,"wp_popup_suppress":"","wp_popup_trigger":"","wp_popup_trigger_amount":0,"wp_popup_disable_on_mobile":false,"footnotes":""},"class_list":["post-242972","page","type-page","status-publish","hentry"],"_links":{"self":[{"href":"https:\/\/raymweyland.lu\/de\/wp-json\/wp\/v2\/pages\/242972","targetHints":{"allow":["GET"]}}],"collection":[{"href":"https:\/\/raymweyland.lu\/de\/wp-json\/wp\/v2\/pages"}],"about":[{"href":"https:\/\/raymweyland.lu\/de\/wp-json\/wp\/v2\/types\/page"}],"author":[{"embeddable":true,"href":"https:\/\/raymweyland.lu\/de\/wp-json\/wp\/v2\/users\/2"}],"replies":[{"embeddable":true,"href":"https:\/\/raymweyland.lu\/de\/wp-json\/wp\/v2\/comments?post=242972"}],"version-history":[{"count":1,"href":"https:\/\/raymweyland.lu\/de\/wp-json\/wp\/v2\/pages\/242972\/revisions"}],"predecessor-version":[{"id":243507,"href":"https:\/\/raymweyland.lu\/de\/wp-json\/wp\/v2\/pages\/242972\/revisions\/243507"}],"wp:attachment":[{"href":"https:\/\/raymweyland.lu\/de\/wp-json\/wp\/v2\/media?parent=242972"}],"curies":[{"name":"wp","href":"https:\/\/api.w.org\/{rel}","templated":true}]}}